{"id":2,"date":"2025-05-09T23:03:42","date_gmt":"2025-05-09T21:03:42","guid":{"rendered":"http:\/\/entretiens-dl.ca\/?page_id=2"},"modified":"2025-05-18T16:47:27","modified_gmt":"2025-05-18T14:47:27","slug":"contact","status":"publish","type":"page","link":"https:\/\/entretiens-dl.ca\/index.php\/contact\/","title":{"rendered":"Nous contacter"},"content":{"rendered":"\n<p id=\"block-61c95543-ecfc-43ae-9373-9005aecebc21\"><strong>Num\u00e9ro de t\u00e9l\u00e9phone<\/strong>: 514-779-6881<\/p>\n\n\n\n<p id=\"block-edd4ee42-4a62-4459-bd5d-2dd661db764a\"><strong>Courriel<\/strong>: entretiens-dl@hotmail.com<\/p>\n\n\n\n<p><\/p>\n\n\n\n<p><\/p>\n","protected":false},"excerpt":{"rendered":"<p>Num\u00e9ro de t\u00e9l\u00e9phone: 514-779-6881 Courriel: entretiens-dl@hotmail.com<\/p>\n","protected":false},"author":1,"featured_media":0,"parent":0,"menu_order":0,"comment_status":"closed","ping_status":"closed","template":"","meta":{"om_disable_all_campaigns":false,"_monsterinsights_skip_tracking":false,"_monsterinsights_sitenote_active":false,"_monsterinsights_sitenote_note":"","_monsterinsights_sitenote_category":0,"footnotes":""},"class_list":["post-2","page","type-page","status-publish","hentry"],"aioseo_notices":[],"_links":{"self":[{"href":"https:\/\/entretiens-dl.ca\/index.php\/wp-json\/wp\/v2\/pages\/2","targetHints":{"allow":["GET"]}}],"collection":[{"href":"https:\/\/entretiens-dl.ca\/index.php\/wp-json\/wp\/v2\/pages"}],"about":[{"href":"https:\/\/entretiens-dl.ca\/index.php\/wp-json\/wp\/v2\/types\/page"}],"author":[{"embeddable":true,"href":"https:\/\/entretiens-dl.ca\/index.php\/wp-json\/wp\/v2\/users\/1"}],"replies":[{"embeddable":true,"href":"https:\/\/entretiens-dl.ca\/index.php\/wp-json\/wp\/v2\/comments?post=2"}],"version-history":[{"count":9,"href":"https:\/\/entretiens-dl.ca\/index.php\/wp-json\/wp\/v2\/pages\/2\/revisions"}],"predecessor-version":[{"id":86,"href":"https:\/\/entretiens-dl.ca\/index.php\/wp-json\/wp\/v2\/pages\/2\/revisions\/86"}],"wp:attachment":[{"href":"https:\/\/entretiens-dl.ca\/index.php\/wp-json\/wp\/v2\/media?parent=2"}],"curies":[{"name":"wp","href":"https:\/\/api.w.org\/{rel}","templated":true}]}}